{"id":145,"date":"2021-10-29T09:59:45","date_gmt":"2021-10-29T09:59:45","guid":{"rendered":"https:\/\/videoplanos.pt\/wp2021\/?page_id=145"},"modified":"2021-10-29T10:03:16","modified_gmt":"2021-10-29T10:03:16","slug":"servicos","status":"publish","type":"page","link":"https:\/\/videoplanos.pt\/wp2021\/servicos\/","title":{"rendered":"SERVI\u00c7OS"},"content":{"rendered":"\n<h2 class=\"wp-block-heading\">OS NOSSOS SERVI\u00c7OS<\/h2>\n\n\n\n<p>A VideoPlanos, Produ\u00e7\u00f5es Audiovisuais, Lda. oferece um vasto leque de servi\u00e7os ao n\u00edvel do audiovisual e multim\u00e9dia, assegurando a distin\u00e7\u00e3o e qualidade dos seus projectos, de modo a alcan\u00e7ar de forma eficaz, os seus objectivos. Conte connosco desde a ideia inicial, \u00e0 fase de concep\u00e7\u00e3o e cria\u00e7\u00e3o, passando pela fase da produ\u00e7\u00e3o e p\u00f3s-produ\u00e7\u00e3o, at\u00e9 ao produto final, sempre com um esp\u00edrito profissional e inovador, que possibilita a obten\u00e7\u00e3o dos melhores resultados.<\/p>\n\n\n\n<h5 class=\"wp-block-heading\">V\u00eddeos Promocionais\/Institucionais . Document\u00e1rios . Videoclipes . Produ\u00e7\u00e3o Livestream<\/h5>\n\n\n\n<p><\/p>\n","protected":false},"excerpt":{"rendered":"<p>OS NOSSOS SERVI\u00c7OS A VideoPlanos, Produ\u00e7\u00f5es Audiovisuais, Lda. oferece um vasto leque de servi\u00e7os ao n\u00edvel do audiovisual e multim\u00e9dia, assegurando a distin\u00e7\u00e3o e qualidade dos seus projectos, de modo a alcan\u00e7ar de forma eficaz, os seus objectivos. Conte connosco desde a ideia inicial, \u00e0 fase de concep\u00e7\u00e3o e cria\u00e7\u00e3o, passando pela fase da produ\u00e7\u00e3o [&hellip;]<\/p>\n","protected":false},"author":1,"featured_media":0,"parent":0,"menu_order":0,"comment_status":"closed","ping_status":"closed","template":"","meta":{"footnotes":""},"_links":{"self":[{"href":"https:\/\/videoplanos.pt\/wp2021\/wp-json\/wp\/v2\/pages\/145"}],"collection":[{"href":"https:\/\/videoplanos.pt\/wp2021\/wp-json\/wp\/v2\/pages"}],"about":[{"href":"https:\/\/videoplanos.pt\/wp2021\/wp-json\/wp\/v2\/types\/page"}],"author":[{"embeddable":true,"href":"https:\/\/videoplanos.pt\/wp2021\/wp-json\/wp\/v2\/users\/1"}],"replies":[{"embeddable":true,"href":"https:\/\/videoplanos.pt\/wp2021\/wp-json\/wp\/v2\/comments?post=145"}],"version-history":[{"count":7,"href":"https:\/\/videoplanos.pt\/wp2021\/wp-json\/wp\/v2\/pages\/145\/revisions"}],"predecessor-version":[{"id":154,"href":"https:\/\/videoplanos.pt\/wp2021\/wp-json\/wp\/v2\/pages\/145\/revisions\/154"}],"wp:attachment":[{"href":"https:\/\/videoplanos.pt\/wp2021\/wp-json\/wp\/v2\/media?parent=145"}],"curies":[{"name":"wp","href":"https:\/\/api.w.org\/{rel}","templated":true}]}}